{"id":2673,"date":"2012-05-03T12:58:31","date_gmt":"2012-05-03T10:58:31","guid":{"rendered":"http:\/\/ruckh.org\/travel\/?page_id=2673"},"modified":"2012-05-03T14:04:57","modified_gmt":"2012-05-03T12:04:57","slug":"reisefreunde-travel-blogs","status":"publish","type":"page","link":"http:\/\/ruckh.org\/travel\/reisefreunde-travel-blogs\/","title":{"rendered":"Reisefreunde | Travel blogs"},"content":{"rendered":"<p>For more travel inspiration find some blogs of people we met on our journey:<\/p>\n<p>\r\n<div class=\"mylinks_container\">\r\n<div class=\"mylinks_left\">\r\n<img src=http:\/\/pagepeeker.com\/thumbs.php?size=m&url=http:\/\/www.theworldisjustenough.com\/ border=0>\r\n<hr>\r\n<p>&nbsp;<\/p>\r\n<\/div>\r\n<div class=\"mylinks_right\">\r\n<b>Frank Hanisch&#039;s Weltreiseblog<\/b><br>\r\n<br>Frank haben wir im Vietnam getroffen, und sind dann mit ihm noch ein bisschen durch Kontum gezogen bevor er nach Laos und wir in Richtung Hanoi weiter sind.<br>\r\n<br>\r\n<a href=\"http:\/\/www.theworldisjustenough.com\/\" target=\"_blank\">http:\/\/www.theworldisjustenough.com\/<\/a>\r\n<\/div><\/div>\r\n<div class=\"mylinks_container\">\r\n<div class=\"mylinks_left\">\r\n<img src=http:\/\/pagepeeker.com\/thumbs.php?size=m&url=http:\/\/maciekgabi.blogspot.com border=0>\r\n<hr>\r\n<p>&nbsp;<\/p>\r\n<\/div>\r\n<div class=\"mylinks_right\">\r\n<b>Maciek + Gabi&#039;s Reiseblog<\/b><br>\r\n<br>Maciek und Gabi haben uns den guten Tipp gegeben \u00fcber Khopra Danda zum Annapurna Base Camp zu gehen anstatt \u00fcber Poon Hill.<br>\r\n<br>\r\n<a href=\"http:\/\/maciekgabi.blogspot.com\" target=\"_blank\">http:\/\/maciekgabi.blogspot.com<\/a>\r\n<\/div><\/div>\r\n<div class=\"mylinks_container\">\r\n<div class=\"mylinks_left\">\r\n<img src=http:\/\/pagepeeker.com\/thumbs.php?size=m&url=http:\/\/walkandeat.blogspot.in\/ border=0>\r\n<hr>\r\n<p>&nbsp;<\/p>\r\n<\/div>\r\n<div class=\"mylinks_right\">\r\n<b>Mike&#039;s Filipino Food Blog<\/b><br>\r\n<br>Mike showed us around some awesome restaurants in Manila, his blog about restos in the Philippines is worth checking out.<br>\r\n<br>\r\n<a href=\"http:\/\/walkandeat.blogspot.in\/\" target=\"_blank\">http:\/\/walkandeat.blogspot.in\/<\/a>\r\n<\/div><\/div>\r\n<div class=\"mylinks_container\">\r\n<div class=\"mylinks_left\">\r\n<img src=http:\/\/pagepeeker.com\/thumbs.php?size=m&url=http:\/\/toddle-unterwegs.de.vu border=0>\r\n<hr>\r\n<p>&nbsp;<\/p>\r\n<\/div>\r\n<div class=\"mylinks_right\">\r\n<b>Reiseseite Petra + Harald (Panamericana + Neuseeland)<\/b><br>\r\n<br>Wir haben Petra und Harald in Neuseeland getroffen und uns auf Anhieb gut verstanden. Auf ihrer Seite schreiben die beiden \u00fcber ihre mehrj\u00e4hrige Tour \u00fcber die Panamericana von Kanada nach Feuerland.<br>\r\n<br>\r\n<a href=\"http:\/\/toddle-unterwegs.de.vu\" target=\"_blank\">http:\/\/toddle-unterwegs.de.vu<\/a>\r\n<\/div><\/div>\r\n<div class=\"mylinks_container\">\r\n<div class=\"mylinks_left\">\r\n<img src=http:\/\/pagepeeker.com\/thumbs.php?size=m&url=http:\/\/Voyage-TdM.blog.fr\/ border=0>\r\n<hr>\r\n<p>&nbsp;<\/p>\r\n<\/div>\r\n<div class=\"mylinks_right\">\r\n<b>Voyage Tour du Monde (Nico + Nico)<\/b><br>\r\n<br>We met Nico and Nico in Mongolia, hired a jeep together, drove around the Gobi desert and raced with horses through the country together.<br>\r\n<br>\r\n<a href=\"http:\/\/Voyage-TdM.blog.fr\/\" target=\"_blank\">http:\/\/Voyage-TdM.blog.fr\/<\/a>\r\n<\/div><\/div>\r\n<div class=\"mylinks_container\">\r\n<div class=\"mylinks_left\">\r\n<img src=http:\/\/pagepeeker.com\/thumbs.php?size=m&url=http:\/\/fannyleung-xiao.blog.163.com\/album\/ border=0>\r\n<hr>\r\n<p>&nbsp;<\/p>\r\n<\/div>\r\n<div class=\"mylinks_right\">\r\n<b>Xiao (or Fanny)&#039;s Blog<\/b><br>\r\n<br>We went diving with Fanny and a friend of her in Coron. Thanks for some nice pics.<br>\r\n<br>\r\n<a href=\"http:\/\/fannyleung-xiao.blog.163.com\/album\/\" target=\"_blank\">http:\/\/fannyleung-xiao.blog.163.com\/album\/<\/a>\r\n<\/div><\/div>\r\n<\/p>\n<p class=\"wp-flattr-button\"><a href=\"http:\/\/ruckh.org\/travel\/?flattrss_redirect&amp;id=2673&amp;md5=4a58ef2059ae488303f739a07539489f\" title=\"Flattr\" target=\"_blank\"><img src=\"http:\/\/ruckh.org\/travel\/wp-content\/plugins\/flattr\/img\/flattr-badge-large.png\" srcset=\"http:\/\/ruckh.org\/travel\/wp-content\/plugins\/flattr\/img\/flattr-badge-large.png\" alt=\"Flattr this!\"\/><\/a><\/p>","protected":false},"excerpt":{"rendered":"<p>For more travel inspiration find some blogs of people we met on our journey: &nbsp; Frank Hanisch&#039;s Weltreiseblog Frank haben wir im Vietnam getroffen, und sind dann mit ihm noch ein bisschen durch Kontum gezogen bevor er nach Laos und wir in Richtung Hanoi weiter sind. http:\/\/www.theworldisjustenough.com\/ &nbsp; Maciek + Gabi&#039;s Reiseblog Maciek und Gabi &hellip; <a class=\"read-excerpt\" href=\"http:\/\/ruckh.org\/travel\/reisefreunde-travel-blogs\/\">Weiterlesen <span class=\"meta-nav\">&raquo;<\/span><\/a><\/p>\n","protected":false},"author":3,"featured_media":0,"parent":0,"menu_order":0,"comment_status":"open","ping_status":"open","template":"","meta":{"footnotes":""},"_links":{"self":[{"href":"http:\/\/ruckh.org\/travel\/wp-json\/wp\/v2\/pages\/2673"}],"collection":[{"href":"http:\/\/ruckh.org\/travel\/wp-json\/wp\/v2\/pages"}],"about":[{"href":"http:\/\/ruckh.org\/travel\/wp-json\/wp\/v2\/types\/page"}],"author":[{"embeddable":true,"href":"http:\/\/ruckh.org\/travel\/wp-json\/wp\/v2\/users\/3"}],"replies":[{"embeddable":true,"href":"http:\/\/ruckh.org\/travel\/wp-json\/wp\/v2\/comments?post=2673"}],"version-history":[{"count":3,"href":"http:\/\/ruckh.org\/travel\/wp-json\/wp\/v2\/pages\/2673\/revisions"}],"predecessor-version":[{"id":2676,"href":"http:\/\/ruckh.org\/travel\/wp-json\/wp\/v2\/pages\/2673\/revisions\/2676"}],"wp:attachment":[{"href":"http:\/\/ruckh.org\/travel\/wp-json\/wp\/v2\/media?parent=2673"}],"curies":[{"name":"wp","href":"https:\/\/api.w.org\/{rel}","templated":true}]}}