{"id":4257,"date":"2012-11-18T15:20:16","date_gmt":"2012-11-18T14:20:16","guid":{"rendered":"http:\/\/ruckh.org\/travel\/?page_id=4257"},"modified":"2012-12-02T12:19:51","modified_gmt":"2012-12-02T11:19:51","slug":"allerweltsgeschichten","status":"publish","type":"page","link":"http:\/\/ruckh.org\/travel\/allerweltsgeschichten\/","title":{"rendered":"allerweltsgeschichten"},"content":{"rendered":"<h3>wir sehen nur was wir wissen<\/h3>\n<p><img loading=\"lazy\" decoding=\"async\" class=\"size-large wp-image-4269 alignnone\" title=\"allerweltsgeschichten-fotoleiste\" src=\"http:\/\/ruckh.org\/travel\/wp-content\/uploads\/2012\/11\/allerweltsgeschichten-fotoleiste-664x66.png\" alt=\"\" width=\"664\" height=\"66\" srcset=\"http:\/\/ruckh.org\/travel\/wp-content\/uploads\/2012\/11\/allerweltsgeschichten-fotoleiste-664x66.png 664w, http:\/\/ruckh.org\/travel\/wp-content\/uploads\/2012\/11\/allerweltsgeschichten-fotoleiste-320x32.png 320w, http:\/\/ruckh.org\/travel\/wp-content\/uploads\/2012\/11\/allerweltsgeschichten-fotoleiste.png 695w\" sizes=\"(max-width: 664px) 100vw, 664px\" \/><\/p>\n<p>Eine Hirnforscherin und ein Marketingdirektor k\u00fcndigen ihre Jobs, heiraten und begeben sich zusammen auf eine lange Reise, die sie die Welt mit neuen Augen sehen l\u00e4sst.<\/p>\n<p>In\u00a0<strong><em>allerweltsgeschichten<\/em><\/strong>\u00a0erz\u00e4hlen\u00a0<a title=\"\u00dcber uns | about us\" href=\"http:\/\/ruckh.org\/travel\/about-us\/\">Julia und Mario Ruckh<\/a>\u00a0(beide 30) von ihrem Weg, der sie in den vergangenen eineinhalb Jahren um den Globus gef\u00fchrt hat. Die Geschichten handeln nicht von den gro\u00dfen Sehensw\u00fcrdigkeiten dieser Welt, sondern beleuchten die kleinen Begegnungen und Episoden aus dem Alltag in aller Welt, die einen die Welt mit neuen Augen sehen lassen.<\/p>\n<p>Kommen Sie mit in die Abteile der transsibirischen Eisenbahn, zu mongolischen Reitern, in Tempel, Moscheen und Kirchen von Korea bis \u00c4thiopien, durch den Himalaya in Nepal, in die Namibw\u00fcste, die kanadischen Rockies oder mitten auf den Atlantik.<\/p>\n<p>Erleben Sie, dass wir nur sehen was wir wissen.<\/p>\n<p>Sehen Sie mehr.<\/p>\n<hr \/>\n<p style=\"color: #333333; font-family: Georgia, 'Times New Roman', 'Bitstream Charter', Times, serif; font-size: 13px; line-height: 19px;\"><strong>Reisevortrag<\/strong> von Dr. J. &amp; M. Ruckh.<br \/>\nEine Veranstaltung des <a href=\"http:\/\/www.manufaktur-baienfurt.de\/\">Kulturvereins Manufaktur<\/a> im <strong>Speidlerhaus Baienfurt<\/strong>.<br \/>\nAm <strong>Sonntag den 2. Dezember um 17:00 Uhr<\/strong>. Eintritt 5 Euro (nur Abendkasse).<\/p>\n<p style=\"color: #333333; font-family: Georgia, 'Times New Roman', 'Bitstream Charter', Times, serif; font-size: 13px; line-height: 19px;\">Weitere Infos auf <a href=\"http:\/\/www.allerweltsgeschichten.de\">www.allerweltsgeschichten.de<\/a><\/p>\n<p><a href=\"http:\/\/ruckh.org\/travel\/wp-content\/uploads\/2012\/11\/allerweltsgeschichten-fotoleiste-gross.png\"><img loading=\"lazy\" decoding=\"async\" class=\"alignleft size-large wp-image-4268\" title=\"allerweltsgeschichten-fotoleiste-gross\" src=\"http:\/\/ruckh.org\/travel\/wp-content\/uploads\/2012\/11\/allerweltsgeschichten-fotoleiste-gross-664x138.png\" alt=\"\" width=\"664\" height=\"138\" srcset=\"http:\/\/ruckh.org\/travel\/wp-content\/uploads\/2012\/11\/allerweltsgeschichten-fotoleiste-gross-664x138.png 664w, http:\/\/ruckh.org\/travel\/wp-content\/uploads\/2012\/11\/allerweltsgeschichten-fotoleiste-gross-320x66.png 320w, http:\/\/ruckh.org\/travel\/wp-content\/uploads\/2012\/11\/allerweltsgeschichten-fotoleiste-gross.png 695w\" sizes=\"(max-width: 664px) 100vw, 664px\" \/><\/a><\/p>\n<p><iframe loading=\"lazy\" width=\"664\" height=\"440\" frameborder=\"0\" scrolling=\"no\" marginheight=\"0\" marginwidth=\"0\" src=\"http:\/\/maps.google.de\/maps?f=q&amp;source=s_q&amp;hl=en&amp;geocode=&amp;q=manufakur+kulturverein+baienfurt&amp;aq=&amp;sll=47.827222,9.655111&amp;sspn=0.008183,0.01929&amp;ie=UTF8&amp;hq=manufakur+kulturverein&amp;hnear=Baienfurt,+T%C3%BCbingen,+Baden-W%C3%BCrttemberg&amp;ll=47.827217,9.655116&amp;spn=0.006295,0.006295&amp;t=m&amp;output=embed\"><\/iframe><br \/><small><a href=\"http:\/\/maps.google.de\/maps?f=q&amp;source=embed&amp;hl=en&amp;geocode=&amp;q=manufakur+kulturverein+baienfurt&amp;aq=&amp;sll=47.827222,9.655111&amp;sspn=0.008183,0.01929&amp;ie=UTF8&amp;hq=manufakur+kulturverein&amp;hnear=Baienfurt,+T%C3%BCbingen,+Baden-W%C3%BCrttemberg&amp;ll=47.827217,9.655116&amp;spn=0.006295,0.006295&amp;t=m\" style=\"color:#0000FF;text-align:left\">View Larger Map<\/a><\/small><\/p>\n<p><strong>Hier gibt&#8217;s weitere <a href=\"http:\/\/ruckh.org\/travel\/2012\/02\/gefahrliche-vergangenheit\/\" title=\"Explosive Vergangenheit\">Infos zum Spenden f\u00fcr COPE Laos<\/a>.<\/strong><\/p>\n<p class=\"wp-flattr-button\"><a href=\"http:\/\/ruckh.org\/travel\/?flattrss_redirect&amp;id=4257&amp;md5=d5e81eff6fa47ecb5d92969ae1963205\" title=\"Flattr\" target=\"_blank\"><img src=\"http:\/\/ruckh.org\/travel\/wp-content\/plugins\/flattr\/img\/flattr-badge-large.png\" srcset=\"http:\/\/ruckh.org\/travel\/wp-content\/plugins\/flattr\/img\/flattr-badge-large.png\" alt=\"Flattr this!\"\/><\/a><\/p>","protected":false},"excerpt":{"rendered":"<p>wir sehen nur was wir wissen Eine Hirnforscherin und ein Marketingdirektor k\u00fcndigen ihre Jobs, heiraten und begeben sich zusammen auf eine lange Reise, die sie die Welt mit neuen Augen sehen l\u00e4sst. In\u00a0allerweltsgeschichten\u00a0erz\u00e4hlen\u00a0Julia und Mario Ruckh\u00a0(beide 30) von ihrem Weg, der sie in den vergangenen eineinhalb Jahren um den Globus gef\u00fchrt hat. Die Geschichten handeln &hellip; <a class=\"read-excerpt\" href=\"http:\/\/ruckh.org\/travel\/allerweltsgeschichten\/\">Weiterlesen <span class=\"meta-nav\">&raquo;<\/span><\/a><\/p>\n","protected":false},"author":3,"featured_media":0,"parent":0,"menu_order":0,"comment_status":"open","ping_status":"open","template":"","meta":{"footnotes":""},"_links":{"self":[{"href":"http:\/\/ruckh.org\/travel\/wp-json\/wp\/v2\/pages\/4257"}],"collection":[{"href":"http:\/\/ruckh.org\/travel\/wp-json\/wp\/v2\/pages"}],"about":[{"href":"http:\/\/ruckh.org\/travel\/wp-json\/wp\/v2\/types\/page"}],"author":[{"embeddable":true,"href":"http:\/\/ruckh.org\/travel\/wp-json\/wp\/v2\/users\/3"}],"replies":[{"embeddable":true,"href":"http:\/\/ruckh.org\/travel\/wp-json\/wp\/v2\/comments?post=4257"}],"version-history":[{"count":25,"href":"http:\/\/ruckh.org\/travel\/wp-json\/wp\/v2\/pages\/4257\/revisions"}],"predecessor-version":[{"id":4261,"href":"http:\/\/ruckh.org\/travel\/wp-json\/wp\/v2\/pages\/4257\/revisions\/4261"}],"wp:attachment":[{"href":"http:\/\/ruckh.org\/travel\/wp-json\/wp\/v2\/media?parent=4257"}],"curies":[{"name":"wp","href":"https:\/\/api.w.org\/{rel}","templated":true}]}}